{"id":71,"date":"2022-09-01T21:14:55","date_gmt":"2022-09-01T19:14:55","guid":{"rendered":"https:\/\/bartz.digital\/?page_id=71"},"modified":"2023-02-24T23:31:55","modified_gmt":"2023-02-24T22:31:55","slug":"impressum","status":"publish","type":"page","link":"https:\/\/phbh.de\/bartz-it\/impressum\/","title":{"rendered":"Impressum"},"content":{"rendered":"\n<p>Angaben gem\u00e4\u00df \u00a7 5 TMG:<\/p>\n\n\n\n<p><strong>Paul Bartz<\/strong><br>Hauptstra\u00dfe 11<br>D-35440 Linden<\/p>\n\n\n\n<p><strong>Kontakt<\/strong><br>E-Mail: <a href=\"mailto:paul@phbh.de\">paul@phbh.de<\/a><\/p>\n\n\n\n<p><strong><strong><strong>Web-Design, -Konzept, -Realisierung<\/strong><\/strong>:<\/strong><br><a href=\"https:\/\/it.phbh.de\" data-type=\"page\" data-id=\"18\">Bartz<\/a><a href=\"https:\/\/it.phbh.de\" data-type=\"page\">-IT<\/a><\/p>\n\n\n\n<p><strong>Streitschlichtung<\/strong><br>Die Europ\u00e4ische Kommission stellt eine Plattform zur Online-Streitbeilegung (OS) bereit:<br><a href=\"https:\/\/ec.europa.eu\/consumers\/odr\">https:\/\/ec.europa.eu\/consumers\/odr<\/a>.<br>Wir sind nicht verpflichtet und nicht bereit an einem solchen Verfahren teilzunehmen.<\/p>\n\n\n\n<h3 class=\"wp-block-heading\" id=\"haftungsausschluss\"><strong>Haftungsausschluss<\/strong><\/h3>\n\n\n\n<p>Inhaltlicher Stand: September 2022<\/p>\n\n\n\n<p><strong>\u200b1. Inhalt des Onlineangebotes<\/strong><br>Die Autoren \u00fcbernehmen keinerlei Gew\u00e4hr f\u00fcr die Aktualit\u00e4t, Korrektheit, Vollst\u00e4ndigkeit oder Qualit\u00e4t der bereitgestellten Informationen. Haftungsanspr\u00fcche gegen die Autoren, welche sich auf Sch\u00e4den materieller oder ideeller Art beziehen, die durch die Nutzung oder Nichtnutzung der dargebotenen Informationen bzw. durch die Nutzung fehlerhafter und unvollst\u00e4ndiger Informationen verursacht wurden, sind grunds\u00e4tzlich ausgeschlossen, sofern seitens der Autoren kein nachweislich vors\u00e4tzliches oder grob fahrl\u00e4ssiges Verschulden vorliegt.<\/p>\n\n\n\n<p><strong>2. Verweise und Links<\/strong><br>Bei direkten oder indirekten Verweisen auf fremde Webseiten (\u201eHyperlinks\u201c), die au\u00dferhalb des Verantwortungsbereiches der Autoren liegen, w\u00fcrde eine Haftungsverpflichtung ausschlie\u00dflich in dem Fall in Kraft treten, in dem die Autoren von den Inhalten Kenntnis hatten und es ihnen technisch m\u00f6glich und zumutbar w\u00e4re, die Nutzung im Falle rechtswidriger Inhalte zu verhindern.<br>Die Autoren erkl\u00e4ren hiermit ausdr\u00fccklich, dass zum Zeitpunkt der Linksetzung keine illegalen Inhalte auf den zu verlinkenden Seiten erkennbar waren. Auf die aktuelle und zuk\u00fcnftige Gestaltung, die Inhalte oder die Urheberschaft der gelinkten\/verkn\u00fcpften Seiten haben die Autoren keinerlei Einfluss. Deshalb distanziert sie sich hiermit ausdr\u00fccklich von allen Inhalten aller gelinkten\/verkn\u00fcpften Seiten, die nach der Linksetzung ver\u00e4ndert wurden. Diese Feststellung gilt f\u00fcr alle innerhalb des eigenen Internetangebotes gesetzten Links und Verweise sowie f\u00fcr Fremdeintr\u00e4ge in von den Autoren eingerichteten G\u00e4steb\u00fcchern, Diskussionsforen und Mailinglisten. F\u00fcr illegale, fehlerhafte oder unvollst\u00e4ndige Inhalte und insbesondere f\u00fcr Sch\u00e4den, die aus der Nutzung oder Nichtnutzung solcherart dargebotener Informationen entstehen, haftet allein der Anbieter der Seite, auf welche verwiesen wurde, nicht derjenige, der \u00fcber Links auf die jeweilige Ver\u00f6ffentlichung lediglich verweist.<\/p>\n\n\n\n<p><strong>3. Urheber- und Kennzeichenrecht<\/strong><br>Das Copyright f\u00fcr ver\u00f6ffentlichte, von den Autoren selbst erstellte Objekte bleibt allein bei den Autoren der Seiten. Eine Vervielf\u00e4ltigung oder Verwendung solcher Bilder, Grafiken, Tondokumente, Videosequenzen und Texte in anderen elektronischen oder gedruckten Publikationen ist ohne ausdr\u00fcckliche Zustimmung der Autoren nicht gestattet.<\/p>\n\n\n\n<p><strong>4. Datenschutz<\/strong><br>Die Nutzung der im Rahmen des Impressums oder vergleichbarer Angaben ver\u00f6ffentlichten Kontaktdaten wie Postanschriften, Telefon- und Faxnummern sowie Emailadressen durch Dritte zur \u00dcbersendung von nicht ausdr\u00fccklich angeforderten Informationen ist nicht gestattet. Rechtliche Schritte gegen die Versender von so genannten Spam-Mails bei Verst\u00f6\u00dfen gegen dieses Verbot sind ausdr\u00fccklich vorbehalten.<\/p>\n\n\n\n<p><strong>5. Rechtswirksamkeit dieses Haftungsausschlusses<\/strong><br>Dieser Haftungsausschluss ist als Teil des Internetangebotes zu betrachten, von dem aus auf diese Seite verwiesen wurde. Sofern Teile oder einzelne Formulierungen dieses Textes der geltenden Rechtslage nicht, nicht mehr oder nicht vollst\u00e4ndig entsprechen sollten, bleiben die \u00fcbrigen Teile des Dokumentes in ihrem Inhalt und ihrer G\u00fcltigkeit davon unber\u00fchrt.<\/p>\n\n\n\n<p><strong>6. Abmahnungen<\/strong><br>Die Kostennote einer anwaltlichen Abmahnung ohne vorhergehende Kontaktaufnahme wird im Sinne der Schadensminderungspflicht als unbegr\u00fcndet zur\u00fcckgewiesen.<br>Keine leichtfertige Abmahnung: Sollte der Inhalt dieses Portals gesetzliche Bestimmungen oder die Rechte Dritter verletzen, raten wir Ihnen dazu, uns ohne Einschaltung eines Rechtsanwaltes dar\u00fcber zu informieren. Zu Recht beanstandete Passagen werden unverz\u00fcglich korrigiert, ohne dass dazu die Einschaltung eines Rechtbeistandes erforderlich ist. Falls dennoch von Ihnen ausgel\u00f6ste Kosten ohne vorherige Kontaktaufnahme f\u00e4llig werden, weisen wir diese im vollen Umfang zur\u00fcck. Bei ungerechtfertigten, leichtfertigen und betr\u00fcgerischen Abmahnungen wird von unserem Rechtsanwalt unverz\u00fcglich die negative Feststellungsklage bzw. Klage wegen betr\u00fcgerischer Vort\u00e4uschung falscher Tatsachen erhoben.<\/p>\n\n\n\n<p><strong>7. Bildnachweise<\/strong><\/p>\n\n\n\n<ul class=\"wp-block-list\">\n<li>PrickFilm<\/li>\n<\/ul>\n","protected":false},"excerpt":{"rendered":"<p>Angaben gem\u00e4\u00df \u00a7 5 TMG: Paul BartzHauptstra\u00dfe 11D-35440 Linden KontaktE-Mail: paul@phbh.de Web-Design, -Konzept, -Realisierung:Bartz-IT StreitschlichtungDie Europ\u00e4ische Kommission stellt eine Plattform zur Online-Streitbeilegung (OS) bereit:https:\/\/ec.europa.eu\/consumers\/odr.Wir sind nicht verpflichtet und nicht bereit an einem solchen Verfahren teilzunehmen. Haftungsausschluss Inhaltlicher Stand: September 2022 \u200b1. Inhalt des OnlineangebotesDie Autoren \u00fcbernehmen keinerlei Gew\u00e4hr f\u00fcr die Aktualit\u00e4t, Korrektheit, Vollst\u00e4ndigkeit oder Qualit\u00e4t &#8230; <a title=\"Impressum\" class=\"read-more\" href=\"https:\/\/phbh.de\/bartz-it\/impressum\/\" aria-label=\"Mehr dazu unter Impressum\">Weiterlesen<\/a><\/p>\n","protected":false},"author":1,"featured_media":0,"parent":0,"menu_order":0,"comment_status":"closed","ping_status":"closed","template":"","meta":{"footnotes":""},"class_list":["post-71","page","type-page","status-publish"],"_links":{"self":[{"href":"https:\/\/phbh.de\/bartz-it\/wp-json\/wp\/v2\/pages\/71","targetHints":{"allow":["GET"]}}],"collection":[{"href":"https:\/\/phbh.de\/bartz-it\/wp-json\/wp\/v2\/pages"}],"about":[{"href":"https:\/\/phbh.de\/bartz-it\/wp-json\/wp\/v2\/types\/page"}],"author":[{"embeddable":true,"href":"https:\/\/phbh.de\/bartz-it\/wp-json\/wp\/v2\/users\/1"}],"replies":[{"embeddable":true,"href":"https:\/\/phbh.de\/bartz-it\/wp-json\/wp\/v2\/comments?post=71"}],"version-history":[{"count":5,"href":"https:\/\/phbh.de\/bartz-it\/wp-json\/wp\/v2\/pages\/71\/revisions"}],"predecessor-version":[{"id":172,"href":"https:\/\/phbh.de\/bartz-it\/wp-json\/wp\/v2\/pages\/71\/revisions\/172"}],"wp:attachment":[{"href":"https:\/\/phbh.de\/bartz-it\/wp-json\/wp\/v2\/media?parent=71"}],"curies":[{"name":"wp","href":"https:\/\/api.w.org\/{rel}","templated":true}]}}